{"id":395,"date":"2020-05-13T12:59:35","date_gmt":"2020-05-13T10:59:35","guid":{"rendered":"https:\/\/www.gmedia-service.at\/haus-alpin\/?page_id=395"},"modified":"2023-07-04T12:29:04","modified_gmt":"2023-07-04T10:29:04","slug":"suchen-buchen","status":"publish","type":"page","link":"https:\/\/www.haus-alpin.at\/de\/suchen-buchen\/","title":{"rendered":"Suchen &#038; Buchen"},"content":{"rendered":"\t\t<div data-elementor-type=\"wp-page\" data-elementor-id=\"395\" class=\"elementor elementor-395\" data-elementor-post-type=\"page\">\n\t\t\t\t\t\t<section class=\"elementor-section elementor-top-section elementor-element elementor-element-dff1042 elementor-section-height-min-height elementor-section-stretched elementor-section-full_width elementor-section-items-stretch elementor-hidden-phone elementor-hidden-tablet elementor-section-height-default\" data-id=\"dff1042\" data-element_type=\"section\" data-settings=\"{&quot;background_background&quot;:&quot;classic&quot;,&quot;stretch_section&quot;:&quot;section-stretched&quot;,&quot;shape_divider_bottom&quot;:&quot;waves&quot;}\">\n\t\t\t\t\t<div class=\"elementor-shape elementor-shape-bottom\" aria-hidden=\"true\" data-negative=\"false\">\n\t\t\t<svg xmlns=\"http:\/\/www.w3.org\/2000\/svg\" viewBox=\"0 0 1000 100\" preserveAspectRatio=\"none\">\n\t<path class=\"elementor-shape-fill\" d=\"M421.9,6.5c22.6-2.5,51.5,0.4,75.5,5.3c23.6,4.9,70.9,23.5,100.5,35.7c75.8,32.2,133.7,44.5,192.6,49.7\n\tc23.6,2.1,48.7,3.5,103.4-2.5c54.7-6,106.2-25.6,106.2-25.6V0H0v30.3c0,0,72,32.6,158.4,30.5c39.2-0.7,92.8-6.7,134-22.4\n\tc21.2-8.1,52.2-18.2,79.7-24.2C399.3,7.9,411.6,7.5,421.9,6.5z\"\/>\n<\/svg>\t\t<\/div>\n\t\t\t\t\t<div class=\"elementor-container elementor-column-gap-default\">\n\t\t\t\t\t<div class=\"elementor-column elementor-col-100 elementor-top-column elementor-element elementor-element-bfb6c83\" data-id=\"bfb6c83\" data-element_type=\"column\">\n\t\t\t<div class=\"elementor-widget-wrap\">\n\t\t\t\t\t\t\t<\/div>\n\t\t<\/div>\n\t\t\t\t\t<\/div>\n\t\t<\/section>\n\t\t\t\t<section class=\"elementor-section elementor-top-section elementor-element elementor-element-2d1321e elementor-section-content-middle elementor-section-stretched elementor-section-full_width elementor-section-height-default elementor-section-height-default\" data-id=\"2d1321e\" data-element_type=\"section\" data-settings=\"{&quot;stretch_section&quot;:&quot;section-stretched&quot;}\">\n\t\t\t\t\t\t<div class=\"elementor-container elementor-column-gap-no\">\n\t\t\t\t\t<div class=\"elementor-column elementor-col-100 elementor-top-column elementor-element elementor-element-923f039\" data-id=\"923f039\" data-element_type=\"column\">\n\t\t\t<div class=\"elementor-widget-wrap elementor-element-populated\">\n\t\t\t\t\t\t<section class=\"elementor-section elementor-inner-section elementor-element elementor-element-23787bf elementor-section-boxed elementor-section-height-default elementor-section-height-default\" data-id=\"23787bf\" data-element_type=\"section\">\n\t\t\t\t\t\t<div class=\"elementor-container elementor-column-gap-default\">\n\t\t\t\t\t<div class=\"elementor-column elementor-col-100 elementor-inner-column elementor-element elementor-element-6d2989a\" data-id=\"6d2989a\" data-element_type=\"column\">\n\t\t\t<div class=\"elementor-widget-wrap elementor-element-populated\">\n\t\t\t\t\t\t<div class=\"elementor-element elementor-element-6fca3d0 elementor-widget elementor-widget-heading\" data-id=\"6fca3d0\" data-element_type=\"widget\" data-widget_type=\"heading.default\">\n\t\t\t\t<div class=\"elementor-widget-container\">\n\t\t\t\t\t<h2 class=\"elementor-heading-title elementor-size-default\">Suchen &amp; Buchen<\/h2>\t\t\t\t<\/div>\n\t\t\t\t<\/div>\n\t\t\t\t<div class=\"elementor-element elementor-element-4426db3 elementor-widget elementor-widget-testimonial\" data-id=\"4426db3\" data-element_type=\"widget\" data-widget_type=\"testimonial.default\">\n\t\t\t\t<div class=\"elementor-widget-container\">\n\t\t\t\t\t\t\t<div class=\"elementor-testimonial-wrapper\">\n\t\t\t\t\t\t\t<div class=\"elementor-testimonial-content\">Sehen Sie hier sofort welche Appartements zu dem von Ihnen gew\u00fcnschten Zeitraum verf\u00fcgbar sind. Einfach An- und Abreisedatum sowie gew\u00fcnschte Personenzahl eingeben. Die m\u00f6glichen Anreisetage sind im Kalender gr\u00fcn markiert. Im Anschluss haben Sie die M\u00f6glichkeit uns entweder eine unverbindliche Anfrage zu senden, oder Ihr gew\u00fcnschtes Appartement in Ellmau am Wilden Kaiser einfach, sicher und mit Bestpreisgarantie sofort verbindlich zu buchen.<\/div>\n\t\t\t\n\t\t\t\t\t<\/div>\n\t\t\t\t\t\t<\/div>\n\t\t\t\t<\/div>\n\t\t\t\t<div class=\"elementor-element elementor-element-978d99d elementor-widget elementor-widget-html\" data-id=\"978d99d\" data-element_type=\"widget\" data-widget_type=\"html.default\">\n\t\t\t\t<div class=\"elementor-widget-container\">\n\t\t\t\t\t<div class=\"mco-widget-booking\" data-token=\"xN0Y-wjegpCX3DavV1_tzt6zzDIc2Mn12Fxp7InVALqf0\" data-id=\"4\"><\/div>\n<script src=\"https:\/\/partner.wilderkaiser.info\/static\/widgets\/js\/widget-booking.js\"><\/script>\t\t\t\t<\/div>\n\t\t\t\t<\/div>\n\t\t\t\t<div class=\"elementor-element elementor-element-4df6711 elementor-widget elementor-widget-heading\" data-id=\"4df6711\" data-element_type=\"widget\" data-widget_type=\"heading.default\">\n\t\t\t\t<div class=\"elementor-widget-container\">\n\t\t\t\t\t<h3 class=\"elementor-heading-title elementor-size-default\">Wir freuen uns auf Sie<\/h3>\t\t\t\t<\/div>\n\t\t\t\t<\/div>\n\t\t\t\t\t<\/div>\n\t\t<\/div>\n\t\t\t\t\t<\/div>\n\t\t<\/section>\n\t\t\t\t\t<\/div>\n\t\t<\/div>\n\t\t\t\t\t<\/div>\n\t\t<\/section>\n\t\t\t\t<\/div>\n\t\t","protected":false},"excerpt":{"rendered":"<p>Suchen &#038; Buchen Sehen Sie hier sofort welche Appartements zu dem von Ihnen gew\u00fcnschten Zeitraum verf\u00fcgbar sind. Einfach An- und Abreisedatum sowie gew\u00fcnschte Personenzahl eingeben. Die m\u00f6glichen Anreisetage sind im Kalender gr\u00fcn markiert. Im Anschluss haben Sie die M\u00f6glichkeit uns entweder eine unverbindliche Anfrage zu senden, oder Ihr gew\u00fcnschtes Appartement in Ellmau am Wilden Kaiser [&hellip;]<\/p>\n","protected":false},"author":1,"featured_media":0,"parent":0,"menu_order":0,"comment_status":"closed","ping_status":"closed","template":"","meta":{"_acf_changed":false,"footnotes":""},"class_list":["post-395","page","type-page","status-publish","hentry"],"acf":[],"yoast_head":"<!-- This site is optimized with the Yoast SEO plugin v26.8 - https:\/\/yoast.com\/product\/yoast-seo-wordpress\/ -->\n<title>Suchen &amp; Buchen - HAUS ALPIN | Ellmau am Wilden Kaiser<\/title>\n<meta name=\"robots\" content=\"index, follow, max-snippet:-1, max-image-preview:large, max-video-preview:-1\" \/>\n<link rel=\"canonical\" href=\"https:\/\/www.haus-alpin.at\/de\/suchen-buchen\/\" \/>\n<meta property=\"og:locale\" content=\"de_DE\" \/>\n<meta property=\"og:type\" content=\"article\" \/>\n<meta property=\"og:title\" content=\"Suchen &amp; Buchen - HAUS ALPIN | Ellmau am Wilden Kaiser\" \/>\n<meta property=\"og:description\" content=\"Suchen &#038; Buchen Sehen Sie hier sofort welche Appartements zu dem von Ihnen gew\u00fcnschten Zeitraum verf\u00fcgbar sind. Einfach An- und Abreisedatum sowie gew\u00fcnschte Personenzahl eingeben. Die m\u00f6glichen Anreisetage sind im Kalender gr\u00fcn markiert. Im Anschluss haben Sie die M\u00f6glichkeit uns entweder eine unverbindliche Anfrage zu senden, oder Ihr gew\u00fcnschtes Appartement in Ellmau am Wilden Kaiser [&hellip;]\" \/>\n<meta property=\"og:url\" content=\"https:\/\/www.haus-alpin.at\/de\/suchen-buchen\/\" \/>\n<meta property=\"og:site_name\" content=\"HAUS ALPIN | Ellmau am Wilden Kaiser\" \/>\n<meta property=\"article:modified_time\" content=\"2023-07-04T10:29:04+00:00\" \/>\n<meta name=\"twitter:card\" content=\"summary_large_image\" \/>\n<meta name=\"twitter:label1\" content=\"Gesch\u00e4tzte Lesezeit\" \/>\n\t<meta name=\"twitter:data1\" content=\"2\u00a0Minuten\" \/>\n<script type=\"application\/ld+json\" class=\"yoast-schema-graph\">{\"@context\":\"https:\/\/schema.org\",\"@graph\":[{\"@type\":\"WebPage\",\"@id\":\"https:\/\/www.haus-alpin.at\/de\/suchen-buchen\/\",\"url\":\"https:\/\/www.haus-alpin.at\/de\/suchen-buchen\/\",\"name\":\"Suchen & Buchen - HAUS ALPIN | Ellmau am Wilden Kaiser\",\"isPartOf\":{\"@id\":\"https:\/\/www.haus-alpin.at\/de\/#website\"},\"datePublished\":\"2020-05-13T10:59:35+00:00\",\"dateModified\":\"2023-07-04T10:29:04+00:00\",\"breadcrumb\":{\"@id\":\"https:\/\/www.haus-alpin.at\/de\/suchen-buchen\/#breadcrumb\"},\"inLanguage\":\"de\",\"potentialAction\":[{\"@type\":\"ReadAction\",\"target\":[\"https:\/\/www.haus-alpin.at\/de\/suchen-buchen\/\"]}]},{\"@type\":\"BreadcrumbList\",\"@id\":\"https:\/\/www.haus-alpin.at\/de\/suchen-buchen\/#breadcrumb\",\"itemListElement\":[{\"@type\":\"ListItem\",\"position\":1,\"name\":\"Startseite\",\"item\":\"https:\/\/www.haus-alpin.at\/de\/\"},{\"@type\":\"ListItem\",\"position\":2,\"name\":\"Suchen &#038; Buchen\"}]},{\"@type\":\"WebSite\",\"@id\":\"https:\/\/www.haus-alpin.at\/de\/#website\",\"url\":\"https:\/\/www.haus-alpin.at\/de\/\",\"name\":\"HAUS ALPIN | Ellmau am Wilden Kaiser\",\"description\":\"Appartement mit wohf\u00fchl Ambiente\",\"publisher\":{\"@id\":\"https:\/\/www.haus-alpin.at\/de\/#organization\"},\"potentialAction\":[{\"@type\":\"SearchAction\",\"target\":{\"@type\":\"EntryPoint\",\"urlTemplate\":\"https:\/\/www.haus-alpin.at\/de\/?s={search_term_string}\"},\"query-input\":{\"@type\":\"PropertyValueSpecification\",\"valueRequired\":true,\"valueName\":\"search_term_string\"}}],\"inLanguage\":\"de\"},{\"@type\":\"Organization\",\"@id\":\"https:\/\/www.haus-alpin.at\/de\/#organization\",\"name\":\"HAUS ALPIN | Ellmau am Wilden Kaiser\",\"url\":\"https:\/\/www.haus-alpin.at\/de\/\",\"logo\":{\"@type\":\"ImageObject\",\"inLanguage\":\"de\",\"@id\":\"https:\/\/www.haus-alpin.at\/de\/#\/schema\/logo\/image\/\",\"url\":\"https:\/\/www.haus-alpin.at\/wp-content\/uploads\/2020\/05\/ai163464885074Logo-Haus-Alpin.png\",\"contentUrl\":\"https:\/\/www.haus-alpin.at\/wp-content\/uploads\/2020\/05\/ai163464885074Logo-Haus-Alpin.png\",\"width\":500,\"height\":170,\"caption\":\"HAUS ALPIN | Ellmau am Wilden Kaiser\"},\"image\":{\"@id\":\"https:\/\/www.haus-alpin.at\/de\/#\/schema\/logo\/image\/\"}}]}<\/script>\n<!-- \/ Yoast SEO plugin. -->","yoast_head_json":{"title":"Suchen & Buchen - HAUS ALPIN | Ellmau am Wilden Kaiser","robots":{"index":"index","follow":"follow","max-snippet":"max-snippet:-1","max-image-preview":"max-image-preview:large","max-video-preview":"max-video-preview:-1"},"canonical":"https:\/\/www.haus-alpin.at\/de\/suchen-buchen\/","og_locale":"de_DE","og_type":"article","og_title":"Suchen & Buchen - HAUS ALPIN | Ellmau am Wilden Kaiser","og_description":"Suchen &#038; Buchen Sehen Sie hier sofort welche Appartements zu dem von Ihnen gew\u00fcnschten Zeitraum verf\u00fcgbar sind. Einfach An- und Abreisedatum sowie gew\u00fcnschte Personenzahl eingeben. Die m\u00f6glichen Anreisetage sind im Kalender gr\u00fcn markiert. Im Anschluss haben Sie die M\u00f6glichkeit uns entweder eine unverbindliche Anfrage zu senden, oder Ihr gew\u00fcnschtes Appartement in Ellmau am Wilden Kaiser [&hellip;]","og_url":"https:\/\/www.haus-alpin.at\/de\/suchen-buchen\/","og_site_name":"HAUS ALPIN | Ellmau am Wilden Kaiser","article_modified_time":"2023-07-04T10:29:04+00:00","twitter_card":"summary_large_image","twitter_misc":{"Gesch\u00e4tzte Lesezeit":"2\u00a0Minuten"},"schema":{"@context":"https:\/\/schema.org","@graph":[{"@type":"WebPage","@id":"https:\/\/www.haus-alpin.at\/de\/suchen-buchen\/","url":"https:\/\/www.haus-alpin.at\/de\/suchen-buchen\/","name":"Suchen & Buchen - HAUS ALPIN | Ellmau am Wilden Kaiser","isPartOf":{"@id":"https:\/\/www.haus-alpin.at\/de\/#website"},"datePublished":"2020-05-13T10:59:35+00:00","dateModified":"2023-07-04T10:29:04+00:00","breadcrumb":{"@id":"https:\/\/www.haus-alpin.at\/de\/suchen-buchen\/#breadcrumb"},"inLanguage":"de","potentialAction":[{"@type":"ReadAction","target":["https:\/\/www.haus-alpin.at\/de\/suchen-buchen\/"]}]},{"@type":"BreadcrumbList","@id":"https:\/\/www.haus-alpin.at\/de\/suchen-buchen\/#breadcrumb","itemListElement":[{"@type":"ListItem","position":1,"name":"Startseite","item":"https:\/\/www.haus-alpin.at\/de\/"},{"@type":"ListItem","position":2,"name":"Suchen &#038; Buchen"}]},{"@type":"WebSite","@id":"https:\/\/www.haus-alpin.at\/de\/#website","url":"https:\/\/www.haus-alpin.at\/de\/","name":"HAUS ALPIN | Ellmau am Wilden Kaiser","description":"Appartement mit wohf\u00fchl Ambiente","publisher":{"@id":"https:\/\/www.haus-alpin.at\/de\/#organization"},"potentialAction":[{"@type":"SearchAction","target":{"@type":"EntryPoint","urlTemplate":"https:\/\/www.haus-alpin.at\/de\/?s={search_term_string}"},"query-input":{"@type":"PropertyValueSpecification","valueRequired":true,"valueName":"search_term_string"}}],"inLanguage":"de"},{"@type":"Organization","@id":"https:\/\/www.haus-alpin.at\/de\/#organization","name":"HAUS ALPIN | Ellmau am Wilden Kaiser","url":"https:\/\/www.haus-alpin.at\/de\/","logo":{"@type":"ImageObject","inLanguage":"de","@id":"https:\/\/www.haus-alpin.at\/de\/#\/schema\/logo\/image\/","url":"https:\/\/www.haus-alpin.at\/wp-content\/uploads\/2020\/05\/ai163464885074Logo-Haus-Alpin.png","contentUrl":"https:\/\/www.haus-alpin.at\/wp-content\/uploads\/2020\/05\/ai163464885074Logo-Haus-Alpin.png","width":500,"height":170,"caption":"HAUS ALPIN | Ellmau am Wilden Kaiser"},"image":{"@id":"https:\/\/www.haus-alpin.at\/de\/#\/schema\/logo\/image\/"}}]}},"_links":{"self":[{"href":"https:\/\/www.haus-alpin.at\/de\/wp-json\/wp\/v2\/pages\/395","targetHints":{"allow":["GET"]}}],"collection":[{"href":"https:\/\/www.haus-alpin.at\/de\/wp-json\/wp\/v2\/pages"}],"about":[{"href":"https:\/\/www.haus-alpin.at\/de\/wp-json\/wp\/v2\/types\/page"}],"author":[{"embeddable":true,"href":"https:\/\/www.haus-alpin.at\/de\/wp-json\/wp\/v2\/users\/1"}],"replies":[{"embeddable":true,"href":"https:\/\/www.haus-alpin.at\/de\/wp-json\/wp\/v2\/comments?post=395"}],"version-history":[{"count":0,"href":"https:\/\/www.haus-alpin.at\/de\/wp-json\/wp\/v2\/pages\/395\/revisions"}],"wp:attachment":[{"href":"https:\/\/www.haus-alpin.at\/de\/wp-json\/wp\/v2\/media?parent=395"}],"curies":[{"name":"wp","href":"https:\/\/api.w.org\/{rel}","templated":true}]}}