{"id":4135,"date":"2021-11-09T10:29:55","date_gmt":"2021-11-09T09:29:55","guid":{"rendered":"https:\/\/www.haus-alpin.at\/?page_id=4135"},"modified":"2025-01-08T08:21:21","modified_gmt":"2025-01-08T07:21:21","slug":"physiotherapie","status":"publish","type":"page","link":"https:\/\/www.haus-alpin.at\/de\/physiotherapie\/","title":{"rendered":"Physiotherapie"},"content":{"rendered":"\t\t<div data-elementor-type=\"wp-page\" data-elementor-id=\"4135\" class=\"elementor elementor-4135\" data-elementor-post-type=\"page\">\n\t\t\t\t\t\t<section class=\"elementor-section elementor-top-section elementor-element elementor-element-2024511 elementor-section-stretched elementor-section-full_width elementor-section-height-min-height elementor-hidden-mobile elementor-section-height-default elementor-section-items-middle\" data-id=\"2024511\" data-element_type=\"section\" data-settings=\"{&quot;stretch_section&quot;:&quot;section-stretched&quot;,&quot;background_background&quot;:&quot;classic&quot;}\">\n\t\t\t\t\t\t<div class=\"elementor-container elementor-column-gap-no\">\n\t\t\t\t\t<div class=\"elementor-column elementor-col-100 elementor-top-column elementor-element elementor-element-965bcdb\" data-id=\"965bcdb\" data-element_type=\"column\" data-settings=\"{&quot;background_background&quot;:&quot;classic&quot;}\">\n\t\t\t<div class=\"elementor-widget-wrap\">\n\t\t\t\t\t\t\t<\/div>\n\t\t<\/div>\n\t\t\t\t\t<\/div>\n\t\t<\/section>\n\t\t\t\t<section class=\"elementor-section elementor-top-section elementor-element elementor-element-d08d912 elementor-hidden-mobile elementor-section-boxed elementor-section-height-default elementor-section-height-default\" data-id=\"d08d912\" data-element_type=\"section\">\n\t\t\t\t\t\t<div class=\"elementor-container elementor-column-gap-default\">\n\t\t\t\t\t<div class=\"elementor-column elementor-col-100 elementor-top-column elementor-element elementor-element-de1ca92\" data-id=\"de1ca92\" data-element_type=\"column\">\n\t\t\t<div class=\"elementor-widget-wrap elementor-element-populated\">\n\t\t\t\t\t\t<section class=\"elementor-section elementor-inner-section elementor-element elementor-element-b05cc44 elementor-section-boxed elementor-section-height-default elementor-section-height-default\" data-id=\"b05cc44\" data-element_type=\"section\">\n\t\t\t\t\t\t<div class=\"elementor-container elementor-column-gap-default\">\n\t\t\t\t\t<div class=\"elementor-column elementor-col-33 elementor-inner-column elementor-element elementor-element-f672773\" data-id=\"f672773\" data-element_type=\"column\">\n\t\t\t<div class=\"elementor-widget-wrap elementor-element-populated\">\n\t\t\t\t\t\t<div class=\"elementor-element elementor-element-d76e499 elementor-widget elementor-widget-heading\" data-id=\"d76e499\" data-element_type=\"widget\" data-widget_type=\"heading.default\">\n\t\t\t\t<div class=\"elementor-widget-container\">\n\t\t\t\t\t<h2 class=\"elementor-heading-title elementor-size-default\">Physiotherapie bei Sportverletzungen<\/h2>\t\t\t\t<\/div>\n\t\t\t\t<\/div>\n\t\t\t\t\t<\/div>\n\t\t<\/div>\n\t\t\t\t<div class=\"elementor-column elementor-col-33 elementor-inner-column elementor-element elementor-element-0360305\" data-id=\"0360305\" data-element_type=\"column\">\n\t\t\t<div class=\"elementor-widget-wrap\">\n\t\t\t\t\t\t\t<\/div>\n\t\t<\/div>\n\t\t\t\t<div class=\"elementor-column elementor-col-33 elementor-inner-column elementor-element elementor-element-d037741\" data-id=\"d037741\" data-element_type=\"column\">\n\t\t\t<div class=\"elementor-widget-wrap\">\n\t\t\t\t\t\t\t<\/div>\n\t\t<\/div>\n\t\t\t\t\t<\/div>\n\t\t<\/section>\n\t\t\t\t<section class=\"elementor-section elementor-inner-section elementor-element elementor-element-26b4485 elementor-section-boxed elementor-section-height-default elementor-section-height-default\" data-id=\"26b4485\" data-element_type=\"section\" data-settings=\"{&quot;background_background&quot;:&quot;classic&quot;}\">\n\t\t\t\t\t\t<div class=\"elementor-container elementor-column-gap-default\">\n\t\t\t\t\t<div class=\"elementor-column elementor-col-100 elementor-inner-column elementor-element elementor-element-f96ad15\" data-id=\"f96ad15\" data-element_type=\"column\" data-settings=\"{&quot;background_background&quot;:&quot;classic&quot;}\">\n\t\t\t<div class=\"elementor-widget-wrap elementor-element-populated\">\n\t\t\t\t\t\t<div class=\"elementor-element elementor-element-f883c08 elementor-widget elementor-widget-testimonial\" data-id=\"f883c08\" data-element_type=\"widget\" data-widget_type=\"testimonial.default\">\n\t\t\t\t<div class=\"elementor-widget-container\">\n\t\t\t\t\t\t\t<div class=\"elementor-testimonial-wrapper\">\n\t\t\t\t\t\t\t<div class=\"elementor-testimonial-content\">Gerne K\u00f6nnen Sie unseren Hauseigenen Physiotherapeuten in Anspruch nehmen. Philipp Hautz ist Diplomierter Physiotherapeut und hat sich mit seiner Physiotherapie-Praxis reActive auf Sportverletzungen sowie Regeneratives Training Spezialisiert.\nAuf Anfrage K\u00f6nnen Sie einen Termin Vereinbaren und w\u00e4hrend Ihres Aufenthaltes etwas f\u00fcr Ihre Gesundheit tun.<\/div>\n\t\t\t\n\t\t\t\t\t\t<div class=\"elementor-testimonial-meta elementor-has-image elementor-testimonial-image-position-aside\">\n\t\t\t\t<div class=\"elementor-testimonial-meta-inner\">\n\t\t\t\t\t\t\t\t\t\t\t<div class=\"elementor-testimonial-image\">\n\t\t\t\t\t\t\t<a href=\"https:\/\/physio-reactive.com\/\" target=\"_blank\"><img fetchpriority=\"high\" decoding=\"async\" width=\"514\" height=\"600\" src=\"https:\/\/www.haus-alpin.at\/wp-content\/uploads\/2025\/01\/physiotherapie.jpg\" class=\"attachment-full size-full wp-image-6222\" alt=\"\" srcset=\"https:\/\/www.haus-alpin.at\/wp-content\/uploads\/2025\/01\/physiotherapie.jpg 514w, https:\/\/www.haus-alpin.at\/wp-content\/uploads\/2025\/01\/physiotherapie-257x300.jpg 257w\" sizes=\"(max-width: 514px) 100vw, 514px\" \/><\/a>\t\t\t\t\t\t<\/div>\n\t\t\t\t\t\n\t\t\t\t\t\t\t\t\t\t<div class=\"elementor-testimonial-details\">\n\t\t\t\t\t\t\t\t\t\t\t\t\t\t<a class=\"elementor-testimonial-name\" href=\"https:\/\/physio-reactive.com\/\" target=\"_blank\">Philipp Hautz<\/a>\n\t\t\t\t\t\t\t\t\t\t\t\t\t\t\t\t\t\t\t\t\t\t<a class=\"elementor-testimonial-job\" href=\"https:\/\/physio-reactive.com\/\" target=\"_blank\">Physio Therapeut<\/a>\n\t\t\t\t\t\t\t\t\t\t\t\t\t<\/div>\n\t\t\t\t\t\t\t\t\t<\/div>\n\t\t\t<\/div>\n\t\t\t\t\t<\/div>\n\t\t\t\t\t\t<\/div>\n\t\t\t\t<\/div>\n\t\t\t\t<div class=\"elementor-element elementor-element-a094c68 elementor-align-center elementor-mobile-align-center elementor-widget elementor-widget-button\" data-id=\"a094c68\" data-element_type=\"widget\" data-widget_type=\"button.default\">\n\t\t\t\t<div class=\"elementor-widget-container\">\n\t\t\t\t\t\t\t\t\t<div class=\"elementor-button-wrapper\">\n\t\t\t\t\t<a class=\"elementor-button elementor-button-link elementor-size-lg\" href=\"tel:++436644538523\">\n\t\t\t\t\t\t<span class=\"elementor-button-content-wrapper\">\n\t\t\t\t\t\t<span class=\"elementor-button-icon\">\n\t\t\t\t<i aria-hidden=\"true\" class=\"fas fa-angle-double-right\"><\/i>\t\t\t<\/span>\n\t\t\t\t\t\t\t\t\t<span class=\"elementor-button-text\">F\u00fcr Terminvereinbarungen melden Sie sich bitte unter<\/span>\n\t\t\t\t\t<\/span>\n\t\t\t\t\t<\/a>\n\t\t\t\t<\/div>\n\t\t\t\t\t\t\t\t<\/div>\n\t\t\t\t<\/div>\n\t\t\t\t\t<\/div>\n\t\t<\/div>\n\t\t\t\t\t<\/div>\n\t\t<\/section>\n\t\t\t\t\t<\/div>\n\t\t<\/div>\n\t\t\t\t\t<\/div>\n\t\t<\/section>\n\t\t\t\t<section class=\"elementor-section elementor-top-section elementor-element elementor-element-f611834 elementor-section-stretched elementor-section-full_width elementor-section-height-min-height elementor-hidden-tablet elementor-section-items-top elementor-hidden-desktop elementor-section-height-default\" data-id=\"f611834\" data-element_type=\"section\" data-settings=\"{&quot;stretch_section&quot;:&quot;section-stretched&quot;,&quot;background_background&quot;:&quot;classic&quot;}\">\n\t\t\t\t\t\t<div class=\"elementor-container elementor-column-gap-no\">\n\t\t\t\t\t<div class=\"elementor-column elementor-col-100 elementor-top-column elementor-element elementor-element-eb87bf7\" data-id=\"eb87bf7\" data-element_type=\"column\" data-settings=\"{&quot;background_background&quot;:&quot;classic&quot;}\">\n\t\t\t<div class=\"elementor-widget-wrap\">\n\t\t\t\t\t\t\t<\/div>\n\t\t<\/div>\n\t\t\t\t\t<\/div>\n\t\t<\/section>\n\t\t\t\t<section class=\"elementor-section elementor-top-section elementor-element elementor-element-979adad elementor-hidden-desktop elementor-hidden-tablet elementor-section-full_width elementor-section-stretched elementor-section-height-default elementor-section-height-default\" data-id=\"979adad\" data-element_type=\"section\" data-settings=\"{&quot;stretch_section&quot;:&quot;section-stretched&quot;}\">\n\t\t\t\t\t\t<div class=\"elementor-container elementor-column-gap-no\">\n\t\t\t\t\t<div class=\"elementor-column elementor-col-100 elementor-top-column elementor-element elementor-element-1c06e0e\" data-id=\"1c06e0e\" data-element_type=\"column\">\n\t\t\t<div class=\"elementor-widget-wrap elementor-element-populated\">\n\t\t\t\t\t\t<section class=\"elementor-section elementor-inner-section elementor-element elementor-element-ff1e5c3 elementor-section-boxed elementor-section-height-default elementor-section-height-default\" data-id=\"ff1e5c3\" data-element_type=\"section\">\n\t\t\t\t\t\t<div class=\"elementor-container elementor-column-gap-default\">\n\t\t\t\t\t<div class=\"elementor-column elementor-col-100 elementor-inner-column elementor-element elementor-element-6f61d85\" data-id=\"6f61d85\" data-element_type=\"column\">\n\t\t\t<div class=\"elementor-widget-wrap elementor-element-populated\">\n\t\t\t\t\t\t<div class=\"elementor-element elementor-element-67bbb45 elementor-widget elementor-widget-heading\" data-id=\"67bbb45\" data-element_type=\"widget\" data-widget_type=\"heading.default\">\n\t\t\t\t<div class=\"elementor-widget-container\">\n\t\t\t\t\t<h2 class=\"elementor-heading-title elementor-size-default\">Physiotherapie bei Sportverletzungen<\/h2>\t\t\t\t<\/div>\n\t\t\t\t<\/div>\n\t\t\t\t\t<\/div>\n\t\t<\/div>\n\t\t\t\t\t<\/div>\n\t\t<\/section>\n\t\t\t\t<main class=\"elementor-section elementor-inner-section elementor-element elementor-element-000433f elementor-section-full_width elementor-section-height-min-height elementor-section-height-default\" data-id=\"000433f\" data-element_type=\"section\" data-settings=\"{&quot;background_background&quot;:&quot;classic&quot;}\">\n\t\t\t\t\t\t<div class=\"elementor-container elementor-column-gap-no\">\n\t\t\t\t\t<div class=\"elementor-column elementor-col-100 elementor-inner-column elementor-element elementor-element-1e0ab2d\" data-id=\"1e0ab2d\" data-element_type=\"column\" data-settings=\"{&quot;background_background&quot;:&quot;classic&quot;}\">\n\t\t\t<div class=\"elementor-widget-wrap elementor-element-populated\">\n\t\t\t\t\t\t<div class=\"elementor-element elementor-element-7fda59a elementor-widget elementor-widget-testimonial\" data-id=\"7fda59a\" data-element_type=\"widget\" data-widget_type=\"testimonial.default\">\n\t\t\t\t<div class=\"elementor-widget-container\">\n\t\t\t\t\t\t\t<div class=\"elementor-testimonial-wrapper\">\n\t\t\t\t\t\t\t<div class=\"elementor-testimonial-content\">Gerne K\u00f6nnen Sie unseren Hauseigenen Physiotherapeuten in Anspruch nehmen. Philipp Hautz ist Diplomierter Physiotherapeut und hat sich mit seiner Physiotherapie-Praxis reActive auf Sportverletzungen sowie Regeneratives Training Spezialisiert.\nAuf Anfrage K\u00f6nnen Sie einen Termin Vereinbaren und w\u00e4hrend Ihres Aufenthaltes etwas f\u00fcr Ihre Gesundheit tun.<\/div>\n\t\t\t\n\t\t\t\t\t\t<div class=\"elementor-testimonial-meta elementor-has-image elementor-testimonial-image-position-aside\">\n\t\t\t\t<div class=\"elementor-testimonial-meta-inner\">\n\t\t\t\t\t\t\t\t\t\t\t<div class=\"elementor-testimonial-image\">\n\t\t\t\t\t\t\t<a href=\"https:\/\/physio-reactive.com\" target=\"_blank\"><img fetchpriority=\"high\" decoding=\"async\" width=\"514\" height=\"600\" src=\"https:\/\/www.haus-alpin.at\/wp-content\/uploads\/2025\/01\/physiotherapie.jpg\" class=\"attachment-full size-full wp-image-6222\" alt=\"\" srcset=\"https:\/\/www.haus-alpin.at\/wp-content\/uploads\/2025\/01\/physiotherapie.jpg 514w, https:\/\/www.haus-alpin.at\/wp-content\/uploads\/2025\/01\/physiotherapie-257x300.jpg 257w\" sizes=\"(max-width: 514px) 100vw, 514px\" \/><\/a>\t\t\t\t\t\t<\/div>\n\t\t\t\t\t\n\t\t\t\t\t\t\t\t\t\t<div class=\"elementor-testimonial-details\">\n\t\t\t\t\t\t\t\t\t\t\t\t\t\t<a class=\"elementor-testimonial-name\" href=\"https:\/\/physio-reactive.com\" target=\"_blank\">Philipp Hautz<\/a>\n\t\t\t\t\t\t\t\t\t\t\t\t\t\t\t\t\t\t\t<\/div>\n\t\t\t\t\t\t\t\t\t<\/div>\n\t\t\t<\/div>\n\t\t\t\t\t<\/div>\n\t\t\t\t\t\t<\/div>\n\t\t\t\t<\/div>\n\t\t\t\t<div class=\"elementor-element elementor-element-3a23b80 elementor-align-center elementor-mobile-align-center elementor-widget elementor-widget-button\" data-id=\"3a23b80\" data-element_type=\"widget\" data-widget_type=\"button.default\">\n\t\t\t\t<div class=\"elementor-widget-container\">\n\t\t\t\t\t\t\t\t\t<div class=\"elementor-button-wrapper\">\n\t\t\t\t\t<a class=\"elementor-button elementor-button-link elementor-size-lg\" href=\"tel:++436644538523\">\n\t\t\t\t\t\t<span class=\"elementor-button-content-wrapper\">\n\t\t\t\t\t\t<span class=\"elementor-button-icon\">\n\t\t\t\t<i aria-hidden=\"true\" class=\"fas fa-angle-double-right\"><\/i>\t\t\t<\/span>\n\t\t\t\t\t\t\t\t\t<span class=\"elementor-button-text\">Terminvereinbarung<\/span>\n\t\t\t\t\t<\/span>\n\t\t\t\t\t<\/a>\n\t\t\t\t<\/div>\n\t\t\t\t\t\t\t\t<\/div>\n\t\t\t\t<\/div>\n\t\t\t\t\t<\/div>\n\t\t<\/div>\n\t\t\t\t\t<\/div>\n\t\t<\/main>\n\t\t\t\t\t<\/div>\n\t\t<\/div>\n\t\t\t\t\t<\/div>\n\t\t<\/section>\n\t\t\t\t<\/div>\n\t\t","protected":false},"excerpt":{"rendered":"<p>Physiotherapie bei Sportverletzungen Gerne K\u00f6nnen Sie unseren Hauseigenen Physiotherapeuten in Anspruch nehmen. Philipp Hautz ist Diplomierter Physiotherapeut und hat sich mit seiner Physiotherapie-Praxis reActive auf Sportverletzungen sowie Regeneratives Training Spezialisiert. Auf Anfrage K\u00f6nnen Sie einen Termin Vereinbaren und w\u00e4hrend Ihres Aufenthaltes etwas f\u00fcr Ihre Gesundheit tun. Philipp Hautz Physio Therapeut F\u00fcr Terminvereinbarungen melden Sie sich [&hellip;]<\/p>\n","protected":false},"author":1,"featured_media":0,"parent":0,"menu_order":0,"comment_status":"closed","ping_status":"closed","template":"","meta":{"_acf_changed":false,"footnotes":""},"class_list":["post-4135","page","type-page","status-publish","hentry"],"acf":[],"yoast_head":"<!-- This site is optimized with the Yoast SEO plugin v26.8 - https:\/\/yoast.com\/product\/yoast-seo-wordpress\/ -->\n<title>Physiotherapie - HAUS ALPIN | Ellmau am Wilden Kaiser<\/title>\n<meta name=\"robots\" content=\"index, follow, max-snippet:-1, max-image-preview:large, max-video-preview:-1\" \/>\n<link rel=\"canonical\" href=\"https:\/\/www.haus-alpin.at\/de\/physiotherapie\/\" \/>\n<meta property=\"og:locale\" content=\"de_DE\" \/>\n<meta property=\"og:type\" content=\"article\" \/>\n<meta property=\"og:title\" content=\"Physiotherapie - HAUS ALPIN | Ellmau am Wilden Kaiser\" \/>\n<meta property=\"og:description\" content=\"Physiotherapie bei Sportverletzungen Gerne K\u00f6nnen Sie unseren Hauseigenen Physiotherapeuten in Anspruch nehmen. Philipp Hautz ist Diplomierter Physiotherapeut und hat sich mit seiner Physiotherapie-Praxis reActive auf Sportverletzungen sowie Regeneratives Training Spezialisiert. Auf Anfrage K\u00f6nnen Sie einen Termin Vereinbaren und w\u00e4hrend Ihres Aufenthaltes etwas f\u00fcr Ihre Gesundheit tun. Philipp Hautz Physio Therapeut F\u00fcr Terminvereinbarungen melden Sie sich [&hellip;]\" \/>\n<meta property=\"og:url\" content=\"https:\/\/www.haus-alpin.at\/de\/physiotherapie\/\" \/>\n<meta property=\"og:site_name\" content=\"HAUS ALPIN | Ellmau am Wilden Kaiser\" \/>\n<meta property=\"article:modified_time\" content=\"2025-01-08T07:21:21+00:00\" \/>\n<meta property=\"og:image\" content=\"https:\/\/www.haus-alpin.at\/wp-content\/uploads\/2025\/01\/physiotherapie.jpg\" \/>\n<meta name=\"twitter:card\" content=\"summary_large_image\" \/>\n<meta name=\"twitter:label1\" content=\"Gesch\u00e4tzte Lesezeit\" \/>\n\t<meta name=\"twitter:data1\" content=\"1\u00a0Minute\" \/>\n<script type=\"application\/ld+json\" class=\"yoast-schema-graph\">{\"@context\":\"https:\/\/schema.org\",\"@graph\":[{\"@type\":\"WebPage\",\"@id\":\"https:\/\/www.haus-alpin.at\/de\/physiotherapie\/\",\"url\":\"https:\/\/www.haus-alpin.at\/de\/physiotherapie\/\",\"name\":\"Physiotherapie - HAUS ALPIN | Ellmau am Wilden Kaiser\",\"isPartOf\":{\"@id\":\"https:\/\/www.haus-alpin.at\/de\/#website\"},\"primaryImageOfPage\":{\"@id\":\"https:\/\/www.haus-alpin.at\/de\/physiotherapie\/#primaryimage\"},\"image\":{\"@id\":\"https:\/\/www.haus-alpin.at\/de\/physiotherapie\/#primaryimage\"},\"thumbnailUrl\":\"https:\/\/www.haus-alpin.at\/wp-content\/uploads\/2025\/01\/physiotherapie.jpg\",\"datePublished\":\"2021-11-09T09:29:55+00:00\",\"dateModified\":\"2025-01-08T07:21:21+00:00\",\"breadcrumb\":{\"@id\":\"https:\/\/www.haus-alpin.at\/de\/physiotherapie\/#breadcrumb\"},\"inLanguage\":\"de\",\"potentialAction\":[{\"@type\":\"ReadAction\",\"target\":[\"https:\/\/www.haus-alpin.at\/de\/physiotherapie\/\"]}]},{\"@type\":\"ImageObject\",\"inLanguage\":\"de\",\"@id\":\"https:\/\/www.haus-alpin.at\/de\/physiotherapie\/#primaryimage\",\"url\":\"https:\/\/www.haus-alpin.at\/wp-content\/uploads\/2025\/01\/physiotherapie.jpg\",\"contentUrl\":\"https:\/\/www.haus-alpin.at\/wp-content\/uploads\/2025\/01\/physiotherapie.jpg\"},{\"@type\":\"BreadcrumbList\",\"@id\":\"https:\/\/www.haus-alpin.at\/de\/physiotherapie\/#breadcrumb\",\"itemListElement\":[{\"@type\":\"ListItem\",\"position\":1,\"name\":\"Startseite\",\"item\":\"https:\/\/www.haus-alpin.at\/de\/\"},{\"@type\":\"ListItem\",\"position\":2,\"name\":\"Physiotherapie\"}]},{\"@type\":\"WebSite\",\"@id\":\"https:\/\/www.haus-alpin.at\/de\/#website\",\"url\":\"https:\/\/www.haus-alpin.at\/de\/\",\"name\":\"HAUS ALPIN | Ellmau am Wilden Kaiser\",\"description\":\"Appartement mit wohf\u00fchl Ambiente\",\"publisher\":{\"@id\":\"https:\/\/www.haus-alpin.at\/de\/#organization\"},\"potentialAction\":[{\"@type\":\"SearchAction\",\"target\":{\"@type\":\"EntryPoint\",\"urlTemplate\":\"https:\/\/www.haus-alpin.at\/de\/?s={search_term_string}\"},\"query-input\":{\"@type\":\"PropertyValueSpecification\",\"valueRequired\":true,\"valueName\":\"search_term_string\"}}],\"inLanguage\":\"de\"},{\"@type\":\"Organization\",\"@id\":\"https:\/\/www.haus-alpin.at\/de\/#organization\",\"name\":\"HAUS ALPIN | Ellmau am Wilden Kaiser\",\"url\":\"https:\/\/www.haus-alpin.at\/de\/\",\"logo\":{\"@type\":\"ImageObject\",\"inLanguage\":\"de\",\"@id\":\"https:\/\/www.haus-alpin.at\/de\/#\/schema\/logo\/image\/\",\"url\":\"https:\/\/www.haus-alpin.at\/wp-content\/uploads\/2020\/05\/ai163464885074Logo-Haus-Alpin.png\",\"contentUrl\":\"https:\/\/www.haus-alpin.at\/wp-content\/uploads\/2020\/05\/ai163464885074Logo-Haus-Alpin.png\",\"width\":500,\"height\":170,\"caption\":\"HAUS ALPIN | Ellmau am Wilden Kaiser\"},\"image\":{\"@id\":\"https:\/\/www.haus-alpin.at\/de\/#\/schema\/logo\/image\/\"}}]}<\/script>\n<!-- \/ Yoast SEO plugin. -->","yoast_head_json":{"title":"Physiotherapie - HAUS ALPIN | Ellmau am Wilden Kaiser","robots":{"index":"index","follow":"follow","max-snippet":"max-snippet:-1","max-image-preview":"max-image-preview:large","max-video-preview":"max-video-preview:-1"},"canonical":"https:\/\/www.haus-alpin.at\/de\/physiotherapie\/","og_locale":"de_DE","og_type":"article","og_title":"Physiotherapie - HAUS ALPIN | Ellmau am Wilden Kaiser","og_description":"Physiotherapie bei Sportverletzungen Gerne K\u00f6nnen Sie unseren Hauseigenen Physiotherapeuten in Anspruch nehmen. Philipp Hautz ist Diplomierter Physiotherapeut und hat sich mit seiner Physiotherapie-Praxis reActive auf Sportverletzungen sowie Regeneratives Training Spezialisiert. Auf Anfrage K\u00f6nnen Sie einen Termin Vereinbaren und w\u00e4hrend Ihres Aufenthaltes etwas f\u00fcr Ihre Gesundheit tun. Philipp Hautz Physio Therapeut F\u00fcr Terminvereinbarungen melden Sie sich [&hellip;]","og_url":"https:\/\/www.haus-alpin.at\/de\/physiotherapie\/","og_site_name":"HAUS ALPIN | Ellmau am Wilden Kaiser","article_modified_time":"2025-01-08T07:21:21+00:00","og_image":[{"url":"https:\/\/www.haus-alpin.at\/wp-content\/uploads\/2025\/01\/physiotherapie.jpg","type":"","width":"","height":""}],"twitter_card":"summary_large_image","twitter_misc":{"Gesch\u00e4tzte Lesezeit":"1\u00a0Minute"},"schema":{"@context":"https:\/\/schema.org","@graph":[{"@type":"WebPage","@id":"https:\/\/www.haus-alpin.at\/de\/physiotherapie\/","url":"https:\/\/www.haus-alpin.at\/de\/physiotherapie\/","name":"Physiotherapie - HAUS ALPIN | Ellmau am Wilden Kaiser","isPartOf":{"@id":"https:\/\/www.haus-alpin.at\/de\/#website"},"primaryImageOfPage":{"@id":"https:\/\/www.haus-alpin.at\/de\/physiotherapie\/#primaryimage"},"image":{"@id":"https:\/\/www.haus-alpin.at\/de\/physiotherapie\/#primaryimage"},"thumbnailUrl":"https:\/\/www.haus-alpin.at\/wp-content\/uploads\/2025\/01\/physiotherapie.jpg","datePublished":"2021-11-09T09:29:55+00:00","dateModified":"2025-01-08T07:21:21+00:00","breadcrumb":{"@id":"https:\/\/www.haus-alpin.at\/de\/physiotherapie\/#breadcrumb"},"inLanguage":"de","potentialAction":[{"@type":"ReadAction","target":["https:\/\/www.haus-alpin.at\/de\/physiotherapie\/"]}]},{"@type":"ImageObject","inLanguage":"de","@id":"https:\/\/www.haus-alpin.at\/de\/physiotherapie\/#primaryimage","url":"https:\/\/www.haus-alpin.at\/wp-content\/uploads\/2025\/01\/physiotherapie.jpg","contentUrl":"https:\/\/www.haus-alpin.at\/wp-content\/uploads\/2025\/01\/physiotherapie.jpg"},{"@type":"BreadcrumbList","@id":"https:\/\/www.haus-alpin.at\/de\/physiotherapie\/#breadcrumb","itemListElement":[{"@type":"ListItem","position":1,"name":"Startseite","item":"https:\/\/www.haus-alpin.at\/de\/"},{"@type":"ListItem","position":2,"name":"Physiotherapie"}]},{"@type":"WebSite","@id":"https:\/\/www.haus-alpin.at\/de\/#website","url":"https:\/\/www.haus-alpin.at\/de\/","name":"HAUS ALPIN | Ellmau am Wilden Kaiser","description":"Appartement mit wohf\u00fchl Ambiente","publisher":{"@id":"https:\/\/www.haus-alpin.at\/de\/#organization"},"potentialAction":[{"@type":"SearchAction","target":{"@type":"EntryPoint","urlTemplate":"https:\/\/www.haus-alpin.at\/de\/?s={search_term_string}"},"query-input":{"@type":"PropertyValueSpecification","valueRequired":true,"valueName":"search_term_string"}}],"inLanguage":"de"},{"@type":"Organization","@id":"https:\/\/www.haus-alpin.at\/de\/#organization","name":"HAUS ALPIN | Ellmau am Wilden Kaiser","url":"https:\/\/www.haus-alpin.at\/de\/","logo":{"@type":"ImageObject","inLanguage":"de","@id":"https:\/\/www.haus-alpin.at\/de\/#\/schema\/logo\/image\/","url":"https:\/\/www.haus-alpin.at\/wp-content\/uploads\/2020\/05\/ai163464885074Logo-Haus-Alpin.png","contentUrl":"https:\/\/www.haus-alpin.at\/wp-content\/uploads\/2020\/05\/ai163464885074Logo-Haus-Alpin.png","width":500,"height":170,"caption":"HAUS ALPIN | Ellmau am Wilden Kaiser"},"image":{"@id":"https:\/\/www.haus-alpin.at\/de\/#\/schema\/logo\/image\/"}}]}},"_links":{"self":[{"href":"https:\/\/www.haus-alpin.at\/de\/wp-json\/wp\/v2\/pages\/4135","targetHints":{"allow":["GET"]}}],"collection":[{"href":"https:\/\/www.haus-alpin.at\/de\/wp-json\/wp\/v2\/pages"}],"about":[{"href":"https:\/\/www.haus-alpin.at\/de\/wp-json\/wp\/v2\/types\/page"}],"author":[{"embeddable":true,"href":"https:\/\/www.haus-alpin.at\/de\/wp-json\/wp\/v2\/users\/1"}],"replies":[{"embeddable":true,"href":"https:\/\/www.haus-alpin.at\/de\/wp-json\/wp\/v2\/comments?post=4135"}],"version-history":[{"count":0,"href":"https:\/\/www.haus-alpin.at\/de\/wp-json\/wp\/v2\/pages\/4135\/revisions"}],"wp:attachment":[{"href":"https:\/\/www.haus-alpin.at\/de\/wp-json\/wp\/v2\/media?parent=4135"}],"curies":[{"name":"wp","href":"https:\/\/api.w.org\/{rel}","templated":true}]}}